{"id":66,"date":"2023-02-08T07:51:09","date_gmt":"2023-02-08T07:51:09","guid":{"rendered":"https:\/\/gosigat.cat\/?page_id=66"},"modified":"2023-07-19T20:30:01","modified_gmt":"2023-07-19T18:30:01","slug":"quienes-somos","status":"publish","type":"page","link":"https:\/\/gosigat.cat\/es\/qui-som\/","title":{"rendered":"Quienes somos?"},"content":{"rendered":"<div data-elementor-type=\"wp-page\" data-elementor-id=\"66\" class=\"elementor elementor-66\" data-elementor-post-type=\"page\">\n\t\t\t\t<div class=\"elementor-element elementor-element-5479184 e-con-full elementor-hidden-mobile e-flex e-con e-parent\" data-id=\"5479184\" data-element_type=\"container\" data-e-type=\"container\" data-settings=\"{&quot;background_background&quot;:&quot;classic&quot;}\">\n\t\t<div class=\"elementor-element elementor-element-617f0cd e-con-full animated-fast e-flex elementor-invisible e-con e-parent\" data-id=\"617f0cd\" data-element_type=\"container\" data-e-type=\"container\" data-settings=\"{&quot;animation&quot;:&quot;fadeInRight&quot;}\">\n\t\t\t\t<div class=\"elementor-element elementor-element-1b78dcf elementor-view-default elementor-invisible elementor-widget elementor-widget-icon\" data-id=\"1b78dcf\" data-element_type=\"widget\" data-e-type=\"widget\" data-settings=\"{&quot;_animation&quot;:&quot;rotateIn&quot;}\" data-widget_type=\"icon.default\">\n\t\t\t\t<div class=\"elementor-widget-container\">\n\t\t\t\t\t\t\t<div class=\"elementor-icon-wrapper\">\n\t\t\t<div class=\"elementor-icon\">\n\t\t\t<svg xmlns=\"http:\/\/www.w3.org\/2000\/svg\" width=\"94\" height=\"90\" viewbox=\"0 0 94 90\" fill=\"none\"><path d=\"M46.6082 89.4884C72.3492 89.4884 93.2164 69.5677 93.2164 44.9942C93.2164 20.4207 72.3492 0.5 46.6082 0.5C20.8672 0.5 0 20.4207 0 44.9942C0 69.5677 20.8672 89.4884 46.6082 89.4884Z\" fill=\"black\"><\/path><path d=\"M15.536 51.9432C15.8619 51.0097 15.9706 50.0763 16.4052 49.2466C17.9262 46.1351 20.5336 44.4756 24.1189 44.2682C26.6177 44.1645 29.2251 44.1645 31.7239 44.3719C32.8104 44.4756 33.245 44.2682 33.8968 43.4385C35.5265 41.1567 38.0253 39.9121 40.9587 39.8084C44.7612 39.7047 48.6724 39.7047 52.4749 39.8084C55.6256 39.9121 58.0158 41.3641 59.6454 43.8533C59.9713 44.3719 60.2973 44.4756 60.8405 44.3719C61.1664 44.2682 61.4924 44.2682 61.8183 44.2682C64.4257 44.2682 67.0332 44.1645 69.6406 44.3719C73.8778 44.6831 77.3544 48.3131 77.463 52.4618C77.5716 55.7807 77.5716 58.9959 77.463 62.3148C77.3544 65.2189 75.1815 67.2932 72.1395 67.3969C72.0308 67.3969 71.8135 67.3969 71.7049 67.3969C54.9737 67.3969 38.2426 67.3969 21.4028 67.3969C19.4472 67.3969 17.8175 66.7746 16.6224 65.3226C15.9706 64.5966 15.7533 63.6631 15.536 62.8334C15.536 59.0996 15.536 55.5733 15.536 51.9432ZM57.3639 63.8705C57.3639 63.6631 57.3639 63.4557 57.3639 63.352C57.3639 58.4773 57.3639 53.6026 57.3639 48.8317C57.3639 45.5128 55.0824 43.3348 51.6058 43.3348C48.2378 43.3348 44.8698 43.3348 41.6105 43.3348C41.0673 43.3348 40.4155 43.3348 39.8722 43.5422C37.3734 44.2682 35.8524 46.1351 35.8524 48.728C35.8524 53.7064 35.8524 58.581 35.8524 63.5594C35.8524 63.6631 35.8524 63.8705 35.8524 63.9743C43.0229 63.8705 50.1934 63.8705 57.3639 63.8705ZM32.1585 63.8705C32.1585 63.5594 32.1585 63.352 32.1585 63.1445C32.1585 58.4773 32.1585 53.7064 32.1585 49.0391C32.1585 47.6908 32.1585 47.6908 30.7461 47.6908C28.7906 47.6908 26.835 47.6908 24.7707 47.6908C24.3362 47.6908 23.7929 47.7945 23.3584 47.8983C20.7509 48.6243 19.2299 50.4912 19.2299 53.0841C19.2299 55.9881 19.2299 58.8922 19.2299 61.7962C19.2299 63.2482 19.8818 63.8705 21.4028 63.8705C24.7707 63.8705 28.1387 63.8705 31.5067 63.8705C31.7239 63.8705 31.9412 63.8705 32.1585 63.8705ZM61.0578 63.8705C61.1664 63.8705 61.1664 63.9743 61.2751 63.9743C64.969 63.9743 68.6629 63.9743 72.2481 63.9743C73.2259 63.9743 73.9864 63.2482 73.9864 62.2111C73.9864 59.0996 73.9864 56.0918 73.9864 52.9804C73.9864 50.18 71.7049 48.002 69.0974 47.8983C67.3591 47.7945 65.6208 47.7945 63.8825 47.7945C63.122 47.7945 62.3615 47.8983 61.4924 47.8983C61.1664 47.8983 60.9491 48.002 60.9491 48.4168C60.9491 53.3952 60.9491 58.3736 60.9491 63.352C61.0578 63.4557 61.0578 63.6631 61.0578 63.8705Z\" fill=\"#BCD261\"><\/path><path d=\"M57.3639 28.6071C57.3639 34.3115 52.4749 38.875 46.6082 38.875C40.7414 38.875 35.8524 34.2077 35.8524 28.6071C35.8524 22.9027 40.7414 18.3392 46.6082 18.3392C52.5836 18.3392 57.3639 22.9027 57.3639 28.6071ZM46.6082 21.7618C42.697 21.7618 39.4377 24.8733 39.4377 28.6071C39.4377 32.3408 42.697 35.3486 46.6082 35.4523C50.5193 35.4523 53.7787 32.3408 53.7787 28.6071C53.7787 24.8733 50.5193 21.7618 46.6082 21.7618Z\" fill=\"#BCD261\"><\/path><path d=\"M19.6644 35.556C19.6644 31.3037 23.2497 27.881 27.7041 27.881C32.1585 27.881 35.8524 31.3037 35.8524 35.556C35.8524 39.8084 32.2671 43.231 27.8127 43.231C23.3583 43.3347 19.6644 39.8084 19.6644 35.556ZM27.7041 39.8084C30.0942 39.8084 32.1585 37.8378 32.1585 35.556C32.1585 33.2743 30.0942 31.3037 27.7041 31.3037C25.3139 31.3037 23.2497 33.1706 23.2497 35.556C23.2497 37.9415 25.3139 39.8084 27.7041 39.8084Z\" fill=\"#BCD261\"><\/path><path d=\"M65.5122 27.881C69.9666 27.881 73.5518 31.3037 73.5518 35.556C73.5518 39.8084 69.9666 43.3347 65.5122 43.3347C61.0578 43.3347 57.3639 39.8084 57.4726 35.556C57.4726 31.3037 61.0578 27.881 65.5122 27.881ZM65.4036 31.4074C63.0134 31.4074 60.9492 33.378 60.9492 35.6598C60.9492 37.9415 63.0134 39.9121 65.4036 39.9121C67.7937 39.9121 69.858 37.9415 69.858 35.6598C69.858 33.2743 67.9024 31.3037 65.4036 31.4074Z\" fill=\"#BCD261\"><\/path><\/svg>\t\t\t<\/div>\n\t\t<\/div>\n\t\t\t\t\t\t<\/div>\n\t\t\t\t<\/div>\n\t\t\t\t<div class=\"elementor-element elementor-element-2adcaf4 elementor-widget elementor-widget-heading\" data-id=\"2adcaf4\" data-element_type=\"widget\" data-e-type=\"widget\" data-widget_type=\"heading.default\">\n\t\t\t\t<div class=\"elementor-widget-container\">\n\t\t\t\t\t<h3 class=\"elementor-heading-title elementor-size-default\">Un equipo experimentado <br>y con vocaci\u00f3n <br>de servicio<\/h3>\t\t\t\t<\/div>\n\t\t\t\t<\/div>\n\t\t\t\t<\/div>\n\t\t\t\t<\/div>\n\t\t<div class=\"elementor-element elementor-element-fd13872 e-con-full elementor-hidden-desktop elementor-hidden-laptop elementor-hidden-tablet e-flex e-con e-parent\" data-id=\"fd13872\" data-element_type=\"container\" data-e-type=\"container\" data-settings=\"{&quot;background_background&quot;:&quot;classic&quot;}\">\n\t\t<div class=\"elementor-element elementor-element-de78c04 e-con-full e-flex e-con e-parent\" data-id=\"de78c04\" data-element_type=\"container\" data-e-type=\"container\">\n\t\t\t\t<\/div>\n\t\t\t\t<\/div>\n\t\t<div class=\"elementor-element elementor-element-21fa8d7 elementor-hidden-desktop elementor-hidden-laptop elementor-hidden-tablet e-flex e-con-boxed e-con e-parent\" data-id=\"21fa8d7\" data-element_type=\"container\" data-e-type=\"container\" data-settings=\"{&quot;background_background&quot;:&quot;classic&quot;}\">\n\t\t\t\t\t<div class=\"e-con-inner\">\n\t\t\t\t<div class=\"elementor-element elementor-element-8bf1d3d elementor-view-default elementor-widget elementor-widget-icon\" data-id=\"8bf1d3d\" data-element_type=\"widget\" data-e-type=\"widget\" data-widget_type=\"icon.default\">\n\t\t\t\t<div class=\"elementor-widget-container\">\n\t\t\t\t\t\t\t<div class=\"elementor-icon-wrapper\">\n\t\t\t<div class=\"elementor-icon\">\n\t\t\t<svg xmlns=\"http:\/\/www.w3.org\/2000\/svg\" width=\"94\" height=\"90\" viewbox=\"0 0 94 90\" fill=\"none\"><path d=\"M46.6082 89.4884C72.3492 89.4884 93.2164 69.5677 93.2164 44.9942C93.2164 20.4207 72.3492 0.5 46.6082 0.5C20.8672 0.5 0 20.4207 0 44.9942C0 69.5677 20.8672 89.4884 46.6082 89.4884Z\" fill=\"black\"><\/path><path d=\"M15.536 51.9432C15.8619 51.0097 15.9706 50.0763 16.4052 49.2466C17.9262 46.1351 20.5336 44.4756 24.1189 44.2682C26.6177 44.1645 29.2251 44.1645 31.7239 44.3719C32.8104 44.4756 33.245 44.2682 33.8968 43.4385C35.5265 41.1567 38.0253 39.9121 40.9587 39.8084C44.7612 39.7047 48.6724 39.7047 52.4749 39.8084C55.6256 39.9121 58.0158 41.3641 59.6454 43.8533C59.9713 44.3719 60.2973 44.4756 60.8405 44.3719C61.1664 44.2682 61.4924 44.2682 61.8183 44.2682C64.4257 44.2682 67.0332 44.1645 69.6406 44.3719C73.8778 44.6831 77.3544 48.3131 77.463 52.4618C77.5716 55.7807 77.5716 58.9959 77.463 62.3148C77.3544 65.2189 75.1815 67.2932 72.1395 67.3969C72.0308 67.3969 71.8135 67.3969 71.7049 67.3969C54.9737 67.3969 38.2426 67.3969 21.4028 67.3969C19.4472 67.3969 17.8175 66.7746 16.6224 65.3226C15.9706 64.5966 15.7533 63.6631 15.536 62.8334C15.536 59.0996 15.536 55.5733 15.536 51.9432ZM57.3639 63.8705C57.3639 63.6631 57.3639 63.4557 57.3639 63.352C57.3639 58.4773 57.3639 53.6026 57.3639 48.8317C57.3639 45.5128 55.0824 43.3348 51.6058 43.3348C48.2378 43.3348 44.8698 43.3348 41.6105 43.3348C41.0673 43.3348 40.4155 43.3348 39.8722 43.5422C37.3734 44.2682 35.8524 46.1351 35.8524 48.728C35.8524 53.7064 35.8524 58.581 35.8524 63.5594C35.8524 63.6631 35.8524 63.8705 35.8524 63.9743C43.0229 63.8705 50.1934 63.8705 57.3639 63.8705ZM32.1585 63.8705C32.1585 63.5594 32.1585 63.352 32.1585 63.1445C32.1585 58.4773 32.1585 53.7064 32.1585 49.0391C32.1585 47.6908 32.1585 47.6908 30.7461 47.6908C28.7906 47.6908 26.835 47.6908 24.7707 47.6908C24.3362 47.6908 23.7929 47.7945 23.3584 47.8983C20.7509 48.6243 19.2299 50.4912 19.2299 53.0841C19.2299 55.9881 19.2299 58.8922 19.2299 61.7962C19.2299 63.2482 19.8818 63.8705 21.4028 63.8705C24.7707 63.8705 28.1387 63.8705 31.5067 63.8705C31.7239 63.8705 31.9412 63.8705 32.1585 63.8705ZM61.0578 63.8705C61.1664 63.8705 61.1664 63.9743 61.2751 63.9743C64.969 63.9743 68.6629 63.9743 72.2481 63.9743C73.2259 63.9743 73.9864 63.2482 73.9864 62.2111C73.9864 59.0996 73.9864 56.0918 73.9864 52.9804C73.9864 50.18 71.7049 48.002 69.0974 47.8983C67.3591 47.7945 65.6208 47.7945 63.8825 47.7945C63.122 47.7945 62.3615 47.8983 61.4924 47.8983C61.1664 47.8983 60.9491 48.002 60.9491 48.4168C60.9491 53.3952 60.9491 58.3736 60.9491 63.352C61.0578 63.4557 61.0578 63.6631 61.0578 63.8705Z\" fill=\"#BCD261\"><\/path><path d=\"M57.3639 28.6071C57.3639 34.3115 52.4749 38.875 46.6082 38.875C40.7414 38.875 35.8524 34.2077 35.8524 28.6071C35.8524 22.9027 40.7414 18.3392 46.6082 18.3392C52.5836 18.3392 57.3639 22.9027 57.3639 28.6071ZM46.6082 21.7618C42.697 21.7618 39.4377 24.8733 39.4377 28.6071C39.4377 32.3408 42.697 35.3486 46.6082 35.4523C50.5193 35.4523 53.7787 32.3408 53.7787 28.6071C53.7787 24.8733 50.5193 21.7618 46.6082 21.7618Z\" fill=\"#BCD261\"><\/path><path d=\"M19.6644 35.556C19.6644 31.3037 23.2497 27.881 27.7041 27.881C32.1585 27.881 35.8524 31.3037 35.8524 35.556C35.8524 39.8084 32.2671 43.231 27.8127 43.231C23.3583 43.3347 19.6644 39.8084 19.6644 35.556ZM27.7041 39.8084C30.0942 39.8084 32.1585 37.8378 32.1585 35.556C32.1585 33.2743 30.0942 31.3037 27.7041 31.3037C25.3139 31.3037 23.2497 33.1706 23.2497 35.556C23.2497 37.9415 25.3139 39.8084 27.7041 39.8084Z\" fill=\"#BCD261\"><\/path><path d=\"M65.5122 27.881C69.9666 27.881 73.5518 31.3037 73.5518 35.556C73.5518 39.8084 69.9666 43.3347 65.5122 43.3347C61.0578 43.3347 57.3639 39.8084 57.4726 35.556C57.4726 31.3037 61.0578 27.881 65.5122 27.881ZM65.4036 31.4074C63.0134 31.4074 60.9492 33.378 60.9492 35.6598C60.9492 37.9415 63.0134 39.9121 65.4036 39.9121C67.7937 39.9121 69.858 37.9415 69.858 35.6598C69.858 33.2743 67.9024 31.3037 65.4036 31.4074Z\" fill=\"#BCD261\"><\/path><\/svg>\t\t\t<\/div>\n\t\t<\/div>\n\t\t\t\t\t\t<\/div>\n\t\t\t\t<\/div>\n\t\t\t\t<div class=\"elementor-element elementor-element-70fca86 elementor-widget elementor-widget-heading\" data-id=\"70fca86\" data-element_type=\"widget\" data-e-type=\"widget\" data-widget_type=\"heading.default\">\n\t\t\t\t<div class=\"elementor-widget-container\">\n\t\t\t\t\t<h3 class=\"elementor-heading-title elementor-size-default\">Un equipo experimentado y con vocaci\u00f3n de servicio<\/h3>\t\t\t\t<\/div>\n\t\t\t\t<\/div>\n\t\t\t\t\t<\/div>\n\t\t\t\t<\/div>\n\t\t<div class=\"elementor-element elementor-element-5c06785 e-flex e-con-boxed e-con e-parent\" data-id=\"5c06785\" data-element_type=\"container\" data-e-type=\"container\">\n\t\t\t\t\t<div class=\"e-con-inner\">\n\t\t\t\t<div class=\"elementor-element elementor-element-fae19ca elementor-widget elementor-widget-heading\" data-id=\"fae19ca\" data-element_type=\"widget\" data-e-type=\"widget\" data-widget_type=\"heading.default\">\n\t\t\t\t<div class=\"elementor-widget-container\">\n\t\t\t\t\t<h1 class=\"elementor-heading-title elementor-size-default\">Amamos los animales y nos llena de satisfacci\u00f3n poderlos ayudar.<\/h1>\t\t\t\t<\/div>\n\t\t\t\t<\/div>\n\t\t\t\t\t<\/div>\n\t\t\t\t<\/div>\n\t\t<div class=\"elementor-element elementor-element-914731a e-flex e-con-boxed e-con e-parent\" data-id=\"914731a\" data-element_type=\"container\" data-e-type=\"container\">\n\t\t\t\t\t<div class=\"e-con-inner\">\n\t\t<div class=\"elementor-element elementor-element-02e02b3 e-con-full e-flex e-con e-parent\" data-id=\"02e02b3\" data-element_type=\"container\" data-e-type=\"container\">\n\t\t\t\t<div class=\"elementor-element elementor-element-a316522 elementor-widget elementor-widget-image\" data-id=\"a316522\" data-element_type=\"widget\" data-e-type=\"widget\" data-widget_type=\"image.default\">\n\t\t\t\t<div class=\"elementor-widget-container\">\n\t\t\t\t\t\t\t\t\t\t\t\t\t\t\t<img fetchpriority=\"high\" decoding=\"async\" width=\"800\" height=\"849\" src=\"https:\/\/gosigat.cat\/wp-content\/uploads\/2023\/06\/fanny-serra-pes-1.jpg\" class=\"attachment-large size-large wp-image-1355\" alt=\"\" srcset=\"https:\/\/gosigat.cat\/wp-content\/uploads\/2023\/06\/fanny-serra-pes-1.jpg 1333w, https:\/\/gosigat.cat\/wp-content\/uploads\/2023\/06\/fanny-serra-pes-1-565x600.jpg 565w, https:\/\/gosigat.cat\/wp-content\/uploads\/2023\/06\/fanny-serra-pes-1-768x815.jpg 768w\" sizes=\"(max-width: 800px) 100vw, 800px\" \/>\t\t\t\t\t\t\t\t\t\t\t\t\t\t\t<\/div>\n\t\t\t\t<\/div>\n\t\t\t\t<div class=\"elementor-element elementor-element-aa4fb03 elementor-widget elementor-widget-text-editor\" data-id=\"aa4fb03\" data-element_type=\"widget\" data-e-type=\"widget\" data-widget_type=\"text-editor.default\">\n\t\t\t\t<div class=\"elementor-widget-container\">\n\t\t\t\t\t\t\t\t\t<p><strong>Fanny Serra.<\/strong> Fundadora de Gosigat<\/p>\t\t\t\t\t\t\t\t<\/div>\n\t\t\t\t<\/div>\n\t\t\t\t<\/div>\n\t\t<div class=\"elementor-element elementor-element-a6a856c e-con-full e-flex e-con e-parent\" data-id=\"a6a856c\" data-element_type=\"container\" data-e-type=\"container\">\n\t\t\t\t<div class=\"elementor-element elementor-element-c999f74 elementor-widget elementor-widget-heading\" data-id=\"c999f74\" data-element_type=\"widget\" data-e-type=\"widget\" data-widget_type=\"heading.default\">\n\t\t\t\t<div class=\"elementor-widget-container\">\n\t\t\t\t\t<p class=\"elementor-heading-title elementor-size-default\">Hola me llamo Fanny, mi profesi\u00f3n es totalmente vocacional y viene de muy lejos.<\/p>\t\t\t\t<\/div>\n\t\t\t\t<\/div>\n\t\t\t\t<div class=\"elementor-element elementor-element-1d119de elementor-widget elementor-widget-text-editor\" data-id=\"1d119de\" data-element_type=\"widget\" data-e-type=\"widget\" data-widget_type=\"text-editor.default\">\n\t\t\t\t<div class=\"elementor-widget-container\">\n\t\t\t\t\t\t\t\t\t<p>Desde muy peque\u00f1a ten\u00eda claro que quer\u00eda ser veterinaria de perros y gatos y abrir una cl\u00ednica en mi pueblo, Tremp.<\/p><p>Empec\u00e9 con una modesta cl\u00ednica veterinaria y tienda especializada en animales de compa\u00f1\u00eda, y con los a\u00f1os, hemos ido ampli\u00e1ndola, tanto en espacio como en servicios. A los pocos a\u00f1os de abrir, a\u00f1adimos una peluquer\u00eda por la alta demanda y que, a estas alturas contin\u00faa funcionando.<\/p><p>En el a\u00f1o 2016, abr\u00ed un consultorio y tienda veterinaria en Sort, y en el 2019 traslad\u00e9 todos los servicios de Tremp a la nueva cl\u00ednica Gosigat ubicada en la c\/ agbs, 3. Aqu\u00ed ofrecemos los mismos servicios, pero mejorando las instalaciones y ofreciendo a nuestros clientes un espacio nuevo y moderno, con todo lo necesario para el diagn\u00f3stico y tratamiento de las enfermedades de los animales dom\u00e9sticos.<\/p>\t\t\t\t\t\t\t\t<\/div>\n\t\t\t\t<\/div>\n\t\t\t\t<\/div>\n\t\t\t\t\t<\/div>\n\t\t\t\t<\/div>\n\t\t\t\t<\/div>","protected":false},"excerpt":{"rendered":"<p>Un equip experimentat i amb vocaci\u00f3 de servei Un equip experimentat i amb vocaci\u00f3 de servei Estimem els animals i ens omple de satisfacci\u00f3 poder-los ajudar. Fanny Serra. Fundadora de Gosigat Hola em dic Fanny, la meva professi\u00f3 \u00e9s totalment vocacional i ve de molt lluny. Des de ben petita tenia clar que volia ser [&hellip;]<\/p>\n","protected":false},"author":2,"featured_media":0,"parent":0,"menu_order":0,"comment_status":"closed","ping_status":"closed","template":"elementor_header_footer","meta":{"footnotes":""},"class_list":["post-66","page","type-page","status-publish","hentry"],"_links":{"self":[{"href":"https:\/\/gosigat.cat\/es\/wp-json\/wp\/v2\/pages\/66","targetHints":{"allow":["GET"]}}],"collection":[{"href":"https:\/\/gosigat.cat\/es\/wp-json\/wp\/v2\/pages"}],"about":[{"href":"https:\/\/gosigat.cat\/es\/wp-json\/wp\/v2\/types\/page"}],"author":[{"embeddable":true,"href":"https:\/\/gosigat.cat\/es\/wp-json\/wp\/v2\/users\/2"}],"replies":[{"embeddable":true,"href":"https:\/\/gosigat.cat\/es\/wp-json\/wp\/v2\/comments?post=66"}],"version-history":[{"count":125,"href":"https:\/\/gosigat.cat\/es\/wp-json\/wp\/v2\/pages\/66\/revisions"}],"predecessor-version":[{"id":1654,"href":"https:\/\/gosigat.cat\/es\/wp-json\/wp\/v2\/pages\/66\/revisions\/1654"}],"wp:attachment":[{"href":"https:\/\/gosigat.cat\/es\/wp-json\/wp\/v2\/media?parent=66"}],"curies":[{"name":"wp","href":"https:\/\/api.w.org\/{rel}","templated":true}]}}