{"id":202,"date":"2023-02-10T12:45:30","date_gmt":"2023-02-10T12:45:30","guid":{"rendered":"https:\/\/gosigat.cat\/?page_id=202"},"modified":"2023-07-19T20:04:39","modified_gmt":"2023-07-19T18:04:39","slug":"aviso-legal","status":"publish","type":"page","link":"https:\/\/gosigat.cat\/es\/avis-legal\/","title":{"rendered":"Aviso legal"},"content":{"rendered":"<div data-elementor-type=\"wp-page\" data-elementor-id=\"202\" class=\"elementor elementor-202\" data-elementor-post-type=\"page\">\n\t\t\t\t<div class=\"elementor-element elementor-element-1ad6e63 e-flex e-con-boxed e-con e-parent\" data-id=\"1ad6e63\" data-element_type=\"container\" data-e-type=\"container\">\n\t\t\t\t\t<div class=\"e-con-inner\">\n\t\t\t\t<div class=\"elementor-element elementor-element-92d8056 elementor-widget elementor-widget-heading\" data-id=\"92d8056\" data-element_type=\"widget\" data-e-type=\"widget\" data-widget_type=\"heading.default\">\n\t\t\t\t<div class=\"elementor-widget-container\">\n\t\t\t\t\t<p class=\"elementor-heading-title elementor-size-default\">Aviso legal y condiciones generales de uso<\/p>\t\t\t\t<\/div>\n\t\t\t\t<\/div>\n\t\t\t\t<div class=\"elementor-element elementor-element-414f244 elementor-widget elementor-widget-text-editor\" data-id=\"414f244\" data-element_type=\"widget\" data-e-type=\"widget\" data-widget_type=\"text-editor.default\">\n\t\t\t\t<div class=\"elementor-widget-container\">\n\t\t\t\t\t\t\t\t\t<div class=\"container-full\"><div class=\"container\"><div class=\"row\"><div class=\"col-sm-12\"><article id=\"content\" class=\"copy-text\"><div class=\"paper\"><header class=\"text-center\"><h4><span class=\"blanc-space ng-binding\">https:\/\/gosigat.cat<\/span><\/h4><\/header><div><h3>I. INFORMACI\u00d3N GENERAL<\/h3><p>En cumplimiento con el deber de informaci\u00f3n dispuesto en la Ley 34\/2002 de Servicios de la Sociedad de la Informaci\u00f3n y el Comercio Electr\u00f3nico (LSSI-CE) de 11 de julio, se facilitan a continuaci\u00f3n los siguientes datos de informaci\u00f3n general de este sitio web:<\/p><p>La titularidad de este sitio web, https:\/\/gosigat.cat, (de ahora en adelante, Sitio web) lo ostenta: Fanny Serra Peso, con NIF: 78080664B, y los datos de contacto del cual son:<\/p><p>Direcci\u00f3n: C\/agbs 3, 25620 Tremp (Lleida)<\/p><p>Tel\u00e9fono de contacto: 649846825<\/p><p>Email de contacto: nnannisp@gmail.com<\/p><h3>II. T\u00c9RMINOS Y CONDICIONES GENERALES DE USO<\/h3><h4>El objeto de las condiciones: El sitio web<\/h4><p>El objeto de las presentes Condiciones Generales de Uso (de ahora en adelante, Condiciones) es regular el acceso y la utilizaci\u00f3n del Sitio web. A efectos de las presentes Condiciones se entender\u00e1 como Sitio web: la apariencia externa de las interfaces de pantalla, tanto de manera est\u00e1tica como de manera din\u00e1mica, es decir, el \u00e1rbol de navegaci\u00f3n; y todos los elementos integrados tanto en las interfaces de pantalla como en el \u00e1rbol de navegaci\u00f3n (de ahora en adelante, Contenidos) y todos aquellos servicios o recursos en l\u00ednea que en su caso ofrezca a los Usuarios (de ahora en adelante, Servicios).<\/p><p>Cl\u00ednica Veterinaria Gosigat se reserva la facultad de modificar, en cualquier momento, y sin aviso previo, la presentaci\u00f3n y configuraci\u00f3n del Sitio web y de los Contenidos y Servicios que en \u00e9l pudieran estar incorporados. El Usuario reconoce y acepta que en cualquier momento Cl\u00ednica Veterinaria Gosigat pueda interrumpir, desactivar y\/o cancelar cualquier de estos elementos que se integran en el Sitio web o el acceso a estos.<\/p><p>El acceso al Sitio web por el Usuario tiene car\u00e1cter libre y, por regla general, es gratuito sin que el Usuario tenga que proporcionar una contraprestaci\u00f3n para poder disfrutar de esto, excepto en el relativo al coste de conexi\u00f3n a trav\u00e9s de la red de telecomunicaciones suministrada por el proveedor de acceso que hubiera contratado el Usuario.<\/p><p>La utilizaci\u00f3n de los Contenidos no requiere previa suscripci\u00f3n o ning\u00fan registro.<\/p><p>\u00a0<\/p><h4>El usuario<\/h4><p>El acceso, la navegaci\u00f3n y uso del Sitio web, confiere la condici\u00f3n de Usuario, por lo cual se aceptan, desde que se inicia la navegaci\u00f3n por el Sitio web, todas las Condiciones aqu\u00ed establecidas, as\u00ed como sus ulteriores modificaciones, sin perjuicio de la aplicaci\u00f3n de la correspondiente normativa legal de obligado cumplimiento seg\u00fan el caso. Dada la relevancia del anterior, se recomienda al Usuario leerlas cada vez que visite el Sitio web.<\/p><p>El Sitio web de Cl\u00ednica Veterinaria Gosigat proporciona gran diversidad de informaci\u00f3n, servicios y datos. El Usuario asume su responsabilidad para realizar un uso correcto del Sitio web. Esta responsabilidad se extender\u00e1 a:<\/p><p>\u00a0<\/p><ul><li>Un uso de la informaci\u00f3n, Contenidos y\/o Servicios y datos ofrecidos por Cl\u00ednica Veterinaria Gosigat sin que sea contrario al que se dispone por las presentes Condiciones, la Ley, la moral o el orden p\u00fablico, o que de cualquier otra manera puedan suponer lesi\u00f3n de los derechos de terceros o del mismo funcionamiento del Sitio web.<\/li><li>La veracidad y licitud de las informaciones aportadas por el Usuario en los formularios extendidos por Cl\u00ednica Veterinaria Gosigat para el acceso a ciertos Contenidos o Servicios ofrecidos por el Sitio web. En todo caso, el Usuario notificar\u00e1 de manera inmediata a Cl\u00ednica Veterinaria Gosigat sobre cualquier hecho que permita el uso indebido de la informaci\u00f3n registrada en estos formularios, como por ejemplo, pero no solo, el robo, extrav\u00edo, o el acceso no autorizado a identificadores y\/o contrase\u00f1as, con el fin de proceder a su inmediata cancelaci\u00f3n.<\/li><\/ul><p>El mero acceso a este Sitio web no supone entablar ning\u00fan tipo de relaci\u00f3n de car\u00e1cter comercial entre Cl\u00ednica Veterinaria Gosigat y el usuario.<\/p><p>Siempre en el respecto de la legislaci\u00f3n vigente, este Sitio web de Cl\u00ednica Veterinaria Gosigat se dirige a todas las personas, sin importar su edad, que puedan acceder y\/o navegar por las p\u00e1ginas del Sitio web.<\/p><p>El Lloc web est\u00e0 dirigit principalment a Usuaris residents a Espanya . Cl\u00ednica Veterin\u00e0ria Gosigat no assegura que el Lloc web compleixi amb legislacions d&#8217;altres pa\u00efsos, ja sigui totalment o parcialment. Si l&#8217;Usuari resideix o t\u00e9 el seu domiciliat en un altre lloc i decideix accedir i\/o navegar en el Lloc web el far\u00e0 sota la seva pr\u00f2pia responsabilitat, haur\u00e0 d&#8217;assegurar-se que tal acc\u00e9s i navegaci\u00f3 compleix amb la legislaci\u00f3 local que li \u00e9s aplicable, no assumint Cl\u00ednica Veterin\u00e0ria Gosigat cap responsabilitat que es pugui derivar d&#8217;aquest acc\u00e9s.<\/p><p>\u00a0<\/p><h3>III. ACCESO Y NAVEGACI\u00d3N EN EL SITIO WEB: EXCLUSI\u00d3N DE GARANT\u00cdAS Y RESPONSABILIDAD<\/h3><p>Cl\u00ednica Veterinaria Gosigat no garantiza la continuidad, disponibilidad y utilidad del Sitio web, ni de los Contenidos o Servicios. Cl\u00ednica Veterinaria Gosigat har\u00e1 todo el posible por el buen funcionamiento del Sitio web, sin embargo, no se responsabiliza ni garantiza que el acceso a este Sitio web no vaya a ser ininterrumpido o que est\u00e9 libre de error.<\/p><p>Tampoco se responsabiliza o garantiza que el contenido o software al cual pueda accederse a trav\u00e9s de este Sitio web, est\u00e9 libre de error o cause un mal al sistema inform\u00e1tico (software y hardware) del usuario. En ning\u00fan caso Cl\u00ednica Veterinaria Gosigat ser\u00e1 responsable por las p\u00e9rdidas, da\u00f1os o perjuicios de cualquier tipo que surjan por el acceso, navegaci\u00f3n y el uso del Sitio web, incluy\u00e9ndose, pero no limit\u00e1ndose, en los ocasionados a los sistemas inform\u00e1ticos o los provocados por la introducci\u00f3n de virus.<\/p><p>Cl\u00ednica Veterinaria Gosigat tampoco se hace responsable de los da\u00f1os que pudieran ocasionarse a los usuarios por un uso inadecuado de este Sitio web. En particular, no se hace responsable de ninguna forma de las ca\u00eddas, interrupciones, falta o defecto de las telecomunicaciones que pudieran ocurrir.<\/p><p>\u00a0<\/p><h3>IV. POL\u00cdTICA DE ENLACES<\/h3><p>Cl\u00ednica Veterinaria Gosigat no ofrece ni comercializa por s\u00ed ni por medio de terceros los productos y\/o servicios disponibles en estos lugares enlazados.<\/p><p>El Usuario o tercero que realice un enlace desde una p\u00e1gina web de otro, diferente, sitio web al Sitio web de Cl\u00ednica Veterinaria Gosigat tendr\u00e1 que saber que:<\/p><p>No se permite la reproducci\u00f3n \u2014total o parcialmente\u2014 de ninguno de los Contenidos y\/o Servicios del Sitio web sin autorizaci\u00f3n expr\u00e9s de Cl\u00ednica Veterinaria Gosigat.<\/p><p>No se permite tampoco ninguna manifestaci\u00f3n falsa, inexacta o incorrecta sobre el Sitio web de Cl\u00ednica Veterinaria Gosigat, ni sobre los Contenidos y\/o Servicios de este.<\/p><p>A excepci\u00f3n del enlace, el sitio web en el cual se establezca este enlace no contendr\u00e1 ning\u00fan elemento, de este Sitio web, protegido como propiedad intelectual por el ordenamiento jur\u00eddico espa\u00f1ol, excepto autorizaci\u00f3n expr\u00e9s de Cl\u00ednica Veterinaria Gosigat.<\/p><p>El establecimiento del enlace no implicar\u00e1 la existencia de relaciones entre Cl\u00ednica Veterinaria Gosigat y el titular del sitio web desde el cual se realice, ni el conocimiento y aceptaci\u00f3n de Cl\u00ednica Veterinaria Gosigat de los contenidos, servicios y\/o actividades ofrecidos en este sitio web, y viceversa.<\/p><p>\u00a0<\/p><h3>V. PROPIEDAD INTELECTUAL E INDUSTRIAL<\/h3><p>Cl\u00ednica Veterinaria Gosigat por s\u00ed o como parte cesionaria, es titular de todos los derechos de propiedad intelectual e industrial del Sitio web, as\u00ed como de los elementos contenidos en el mismo (a t\u00edtulo enunciativo y no exhaustivo, im\u00e1genes, sonido, audio, video, software o textos, marcas o logotipos, combinaciones de colores, estructura y dise\u00f1o, selecci\u00f3n de materiales usados, programas de ordenador necesarios para su funcionamiento, acceso y uso, etc.). Ser\u00e1n, por consiguiente, obras protegidas como propiedad intelectual por el ordenamiento jur\u00eddico espa\u00f1ol, si\u00e9ndolos aplicables tanto la normativa espa\u00f1ola y comunitaria en este campo, como los tratados internacionales relativos a la materia y subscritos por Espa\u00f1a.<\/p><p>Todos los derechos reservados. En virtud del que se dispone en la Ley de Propiedad Intelectual, quedan expresamente prohibidas la reproducci\u00f3n, la distribuci\u00f3n y la comunicaci\u00f3n p\u00fablica, incluida su modalidad de puesta a disposici\u00f3n, de la totalidad o parte de los contenidos de esta p\u00e1gina web, con fines comerciales, en cualquier apoyo y por cualquier medio t\u00e9cnico, sin la autorizaci\u00f3n de Cl\u00ednica Veterinaria Gosigat.<\/p><p>L&#8217;Usuari es compromet a respectar els drets de propietat intel\u00b7lectual i industrial de Cl\u00ednica Veterin\u00e0ria Gosigat. Podr\u00e0 visualitzar els elements del Lloc web o fins i tot imprimir-los, copiar-los i emmagatzemar-los en el disc dur del seu ordinador o en qualsevol altre suport f\u00edsic sempre que sigui, exclusivament, per al seu \u00fas personal. L&#8217;Usuari, no obstant aix\u00f2, no podr\u00e0 suprimir, alterar, o manipular qualsevol dispositiu de protecci\u00f3 o sistema de seguretat que estigu\u00e9s instal\u00b7lat en el Lloc web.<\/p><p>En caso de que el Usuario o tercero considere que cualquiera de los Contenidos del Sitio web suponga una violaci\u00f3n de los derechos de protecci\u00f3n de la propiedad intelectual, tendr\u00e1 que comunicarlo inmediatamente a Cl\u00ednica Veterinaria Gosigat a trav\u00e9s de los datos de contacto del apartado de INFORMACI\u00d3N GENERAL de este Aviso Legal y Condiciones Generales de Uso.<\/p><p>\u00a0<\/p><h3>VI. ACCIONES LEGALES, LEGISLACI\u00d3N APLICABLE Y JURISDICCI\u00d3N<\/h3><p>Cl\u00ednica Veterinaria Gosigat se reserva la facultad de presentar las acciones civiles o penales que considere necesarias por la utilizaci\u00f3n indebida del Sitio web y Contenidos, o por el incumplimiento de las presentes Condiciones.<\/p><p>La relaci\u00f3 entre l&#8217;Usuari i Cl\u00ednica Veterin\u00e0ria Gosigat es regir\u00e0 per la normativa vigent i d&#8217;aplicaci\u00f3 en el territori espanyol. De sorgir qualsevol controv\u00e8rsia en relaci\u00f3 amb la interpretaci\u00f3 i\/o a l&#8217;aplicaci\u00f3 d&#8217;aquestes Condicions les parts sotmetran els seus conflictes a la jurisdicci\u00f3 ordin\u00e0ria sotmetent-se als jutges i tribunals que corresponguin conforme a dret.<\/p><\/div><\/div><\/article><\/div><\/div><\/div><\/div>\t\t\t\t\t\t\t\t<\/div>\n\t\t\t\t<\/div>\n\t\t\t\t\t<\/div>\n\t\t\t\t<\/div>\n\t\t\t\t<\/div>","protected":false},"excerpt":{"rendered":"<p>Av\u00eds legal i condicions generals d&#8217;us https:\/\/gosigat.cat I. INFORMACI\u00d3 GENERAL En compliment amb el deure d&#8217;informaci\u00f3 disposat en la Llei 34\/2002 de Serveis de la Societat de la Informaci\u00f3 i el Comer\u00e7 Electr\u00f2nic (LSSI-CE) d&#8217;11 de juliol, es faciliten a continuaci\u00f3 les seg\u00fcents dades d&#8217;informaci\u00f3 general d&#8217;aquest lloc web: La titularitat d&#8217;aquest lloc web, https:\/\/gosigat.cat, [&hellip;]<\/p>\n","protected":false},"author":2,"featured_media":0,"parent":0,"menu_order":0,"comment_status":"closed","ping_status":"closed","template":"elementor_header_footer","meta":{"footnotes":""},"class_list":["post-202","page","type-page","status-publish","hentry"],"_links":{"self":[{"href":"https:\/\/gosigat.cat\/es\/wp-json\/wp\/v2\/pages\/202","targetHints":{"allow":["GET"]}}],"collection":[{"href":"https:\/\/gosigat.cat\/es\/wp-json\/wp\/v2\/pages"}],"about":[{"href":"https:\/\/gosigat.cat\/es\/wp-json\/wp\/v2\/types\/page"}],"author":[{"embeddable":true,"href":"https:\/\/gosigat.cat\/es\/wp-json\/wp\/v2\/users\/2"}],"replies":[{"embeddable":true,"href":"https:\/\/gosigat.cat\/es\/wp-json\/wp\/v2\/comments?post=202"}],"version-history":[{"count":7,"href":"https:\/\/gosigat.cat\/es\/wp-json\/wp\/v2\/pages\/202\/revisions"}],"predecessor-version":[{"id":1645,"href":"https:\/\/gosigat.cat\/es\/wp-json\/wp\/v2\/pages\/202\/revisions\/1645"}],"wp:attachment":[{"href":"https:\/\/gosigat.cat\/es\/wp-json\/wp\/v2\/media?parent=202"}],"curies":[{"name":"wp","href":"https:\/\/api.w.org\/{rel}","templated":true}]}}